{"id":2162,"date":"2022-12-14T06:06:11","date_gmt":"2022-12-14T06:06:11","guid":{"rendered":"https:\/\/martamagnus.com.br\/?page_id=2162"},"modified":"2024-12-26T18:41:48","modified_gmt":"2024-12-26T21:41:48","slug":"mi-oferta-talleres","status":"publish","type":"page","link":"https:\/\/martamagnus.com.br\/esp\/mi-oferta-talleres\/","title":{"rendered":"Mi oferta &#8211; Talleres"},"content":{"rendered":"<div data-elementor-type=\"wp-page\" data-elementor-id=\"2162\" class=\"elementor elementor-2162\" data-elementor-post-type=\"page\">\n\t\t\t\t\t\t<section class=\"elementor-section elementor-top-section elementor-element elementor-element-9537188 elementor-section-boxed elementor-section-height-default elementor-section-height-default\" data-id=\"9537188\" data-element_type=\"section\" data-settings=\"{&quot;background_background&quot;:&quot;classic&quot;}\">\n\t\t\t\t\t\t<div class=\"elementor-container elementor-column-gap-default\">\n\t\t\t\t\t<div class=\"elementor-column elementor-col-25 elementor-top-column elementor-element elementor-element-f6c6ef0\" data-id=\"f6c6ef0\" data-element_type=\"column\">\n\t\t\t<div class=\"elementor-widget-wrap elementor-element-populated\">\n\t\t\t\t\t\t<div class=\"elementor-element elementor-element-425580a elementor-align-justify elementor-widget elementor-widget-button\" data-id=\"425580a\" data-element_type=\"widget\" data-widget_type=\"button.default\">\n\t\t\t\t<div class=\"elementor-widget-container\">\n\t\t\t\t\t\t\t\t\t<div class=\"elementor-button-wrapper\">\n\t\t\t\t\t<a class=\"elementor-button elementor-button-link elementor-size-sm\" href=\"https:\/\/martamagnus.com.br\/esp\/mi-oferta\/\">\n\t\t\t\t\t\t<span class=\"elementor-button-content-wrapper\">\n\t\t\t\t\t\t\t\t\t<span class=\"elementor-button-text\">Coaching<\/span>\n\t\t\t\t\t<\/span>\n\t\t\t\t\t<\/a>\n\t\t\t\t<\/div>\n\t\t\t\t\t\t\t\t<\/div>\n\t\t\t\t<\/div>\n\t\t\t\t\t<\/div>\n\t\t<\/div>\n\t\t\t\t<div class=\"elementor-column elementor-col-25 elementor-top-column elementor-element elementor-element-6a4153d\" data-id=\"6a4153d\" data-element_type=\"column\">\n\t\t\t<div class=\"elementor-widget-wrap elementor-element-populated\">\n\t\t\t\t\t\t<div class=\"elementor-element elementor-element-e825431 elementor-align-justify elementor-widget elementor-widget-button\" data-id=\"e825431\" data-element_type=\"widget\" data-widget_type=\"button.default\">\n\t\t\t\t<div class=\"elementor-widget-container\">\n\t\t\t\t\t\t\t\t\t<div class=\"elementor-button-wrapper\">\n\t\t\t\t\t<a class=\"elementor-button elementor-button-link elementor-size-sm\" href=\"https:\/\/martamagnus.com.br\/esp\/mi-oferta-consultoria\/\">\n\t\t\t\t\t\t<span class=\"elementor-button-content-wrapper\">\n\t\t\t\t\t\t\t\t\t<span class=\"elementor-button-text\">Consultor\u00eda<\/span>\n\t\t\t\t\t<\/span>\n\t\t\t\t\t<\/a>\n\t\t\t\t<\/div>\n\t\t\t\t\t\t\t\t<\/div>\n\t\t\t\t<\/div>\n\t\t\t\t\t<\/div>\n\t\t<\/div>\n\t\t\t\t<div class=\"elementor-column elementor-col-25 elementor-top-column elementor-element elementor-element-804c30e\" data-id=\"804c30e\" data-element_type=\"column\">\n\t\t\t<div class=\"elementor-widget-wrap elementor-element-populated\">\n\t\t\t\t\t\t<div class=\"elementor-element elementor-element-fd7e1fb elementor-align-justify elementor-widget elementor-widget-button\" data-id=\"fd7e1fb\" data-element_type=\"widget\" data-widget_type=\"button.default\">\n\t\t\t\t<div class=\"elementor-widget-container\">\n\t\t\t\t\t\t\t\t\t<div class=\"elementor-button-wrapper\">\n\t\t\t\t\t<a class=\"elementor-button elementor-button-link elementor-size-sm\" href=\"https:\/\/martamagnus.com.br\/esp\/mi-oferta-talleres\/\">\n\t\t\t\t\t\t<span class=\"elementor-button-content-wrapper\">\n\t\t\t\t\t\t\t\t\t<span class=\"elementor-button-text\">Talleres<\/span>\n\t\t\t\t\t<\/span>\n\t\t\t\t\t<\/a>\n\t\t\t\t<\/div>\n\t\t\t\t\t\t\t\t<\/div>\n\t\t\t\t<\/div>\n\t\t\t\t\t<\/div>\n\t\t<\/div>\n\t\t\t\t<div class=\"elementor-column elementor-col-25 elementor-top-column elementor-element elementor-element-a3dad88\" data-id=\"a3dad88\" data-element_type=\"column\">\n\t\t\t<div class=\"elementor-widget-wrap elementor-element-populated\">\n\t\t\t\t\t\t<div class=\"elementor-element elementor-element-7939f66 elementor-align-justify elementor-widget elementor-widget-button\" data-id=\"7939f66\" data-element_type=\"widget\" data-widget_type=\"button.default\">\n\t\t\t\t<div class=\"elementor-widget-container\">\n\t\t\t\t\t\t\t\t\t<div class=\"elementor-button-wrapper\">\n\t\t\t\t\t<a class=\"elementor-button elementor-button-link elementor-size-sm\" href=\"https:\/\/martamagnus.com.br\/esp\/mi-oferta-mentoria\/\">\n\t\t\t\t\t\t<span class=\"elementor-button-content-wrapper\">\n\t\t\t\t\t\t\t\t\t<span class=\"elementor-button-text\">Mentor\u00eda<\/span>\n\t\t\t\t\t<\/span>\n\t\t\t\t\t<\/a>\n\t\t\t\t<\/div>\n\t\t\t\t\t\t\t\t<\/div>\n\t\t\t\t<\/div>\n\t\t\t\t\t<\/div>\n\t\t<\/div>\n\t\t\t\t\t<\/div>\n\t\t<\/section>\n\t\t\t\t<section class=\"elementor-section elementor-top-section elementor-element elementor-element-119dd4a elementor-section-full_width elementor-section-height-default elementor-section-height-default\" data-id=\"119dd4a\" data-element_type=\"section\" data-settings=\"{&quot;background_background&quot;:&quot;classic&quot;}\">\n\t\t\t\t\t\t\t<div class=\"elementor-background-overlay\"><\/div>\n\t\t\t\t\t\t\t<div class=\"elementor-container elementor-column-gap-default\">\n\t\t\t\t\t<div class=\"elementor-column elementor-col-33 elementor-top-column elementor-element elementor-element-ea7f640 elementor-hidden-tablet_extra elementor-hidden-tablet elementor-hidden-mobile\" data-id=\"ea7f640\" data-element_type=\"column\">\n\t\t\t<div class=\"elementor-widget-wrap elementor-element-populated\">\n\t\t\t\t\t\t<div class=\"elementor-element elementor-element-ee6dee2 elementor-widget elementor-widget-image\" data-id=\"ee6dee2\" data-element_type=\"widget\" data-widget_type=\"image.default\">\n\t\t\t\t<div class=\"elementor-widget-container\">\n\t\t\t\t\t\t\t\t\t\t\t\t\t\t\t<img decoding=\"async\" width=\"138\" height=\"142\" src=\"https:\/\/martamagnus.com.br\/wp-content\/uploads\/2022\/12\/Frame-13.png\" class=\"attachment-large size-large wp-image-2046\" alt=\"\" \/>\t\t\t\t\t\t\t\t\t\t\t\t\t\t\t<\/div>\n\t\t\t\t<\/div>\n\t\t\t\t\t<\/div>\n\t\t<\/div>\n\t\t\t\t<div class=\"elementor-column elementor-col-33 elementor-top-column elementor-element elementor-element-39406e7 elementor-invisible\" data-id=\"39406e7\" data-element_type=\"column\" data-settings=\"{&quot;animation&quot;:&quot;fadeInRight&quot;}\">\n\t\t\t<div class=\"elementor-widget-wrap elementor-element-populated\">\n\t\t\t\t\t\t<div class=\"elementor-element elementor-element-6154916 elementor-widget elementor-widget-heading\" data-id=\"6154916\" data-element_type=\"widget\" data-widget_type=\"heading.default\">\n\t\t\t\t<div class=\"elementor-widget-container\">\n\t\t\t\t\t<h1 class=\"elementor-heading-title elementor-size-default\">\u201cCambia tu vida hoy. No se deje arriesgar en el futuro, act\u00fae ahora, sin demora\u201d. \n\n<\/h1>\t\t\t\t<\/div>\n\t\t\t\t<\/div>\n\t\t\t\t<div class=\"elementor-element elementor-element-23d85cf elementor-widget elementor-widget-text-editor\" data-id=\"23d85cf\" data-element_type=\"widget\" data-widget_type=\"text-editor.default\">\n\t\t\t\t<div class=\"elementor-widget-container\">\n\t\t\t\t\t\t\t\t\t<p>Simone de Beauvoir<\/p>\t\t\t\t\t\t\t\t<\/div>\n\t\t\t\t<\/div>\n\t\t\t\t\t<\/div>\n\t\t<\/div>\n\t\t\t\t<div class=\"elementor-column elementor-col-33 elementor-top-column elementor-element elementor-element-f17d676 elementor-hidden-tablet_extra elementor-hidden-tablet elementor-hidden-mobile\" data-id=\"f17d676\" data-element_type=\"column\">\n\t\t\t<div class=\"elementor-widget-wrap elementor-element-populated\">\n\t\t\t\t\t\t<div class=\"elementor-element elementor-element-2ae585f elementor-hidden-mobile elementor-widget elementor-widget-image\" data-id=\"2ae585f\" data-element_type=\"widget\" data-widget_type=\"image.default\">\n\t\t\t\t<div class=\"elementor-widget-container\">\n\t\t\t\t\t\t\t\t\t\t\t\t\t\t\t<img decoding=\"async\" width=\"223\" height=\"171\" src=\"https:\/\/martamagnus.com.br\/wp-content\/uploads\/2022\/12\/Frame-1.png\" class=\"attachment-large size-large wp-image-1593\" alt=\"\" \/>\t\t\t\t\t\t\t\t\t\t\t\t\t\t\t<\/div>\n\t\t\t\t<\/div>\n\t\t\t\t\t<\/div>\n\t\t<\/div>\n\t\t\t\t\t<\/div>\n\t\t<\/section>\n\t\t\t\t<section class=\"elementor-section elementor-top-section elementor-element elementor-element-62c9770 elementor-section-content-middle elementor-section-boxed elementor-section-height-default elementor-section-height-default\" data-id=\"62c9770\" data-element_type=\"section\">\n\t\t\t\t\t\t<div class=\"elementor-container elementor-column-gap-default\">\n\t\t\t\t\t<div class=\"elementor-column elementor-col-50 elementor-top-column elementor-element elementor-element-5919868\" data-id=\"5919868\" data-element_type=\"column\">\n\t\t\t<div class=\"elementor-widget-wrap elementor-element-populated\">\n\t\t\t\t\t\t<div class=\"elementor-element elementor-element-4393dcf elementor-widget elementor-widget-heading\" data-id=\"4393dcf\" data-element_type=\"widget\" data-widget_type=\"heading.default\">\n\t\t\t\t<div class=\"elementor-widget-container\">\n\t\t\t\t\t<h1 class=\"elementor-heading-title elementor-size-default\">Talleres<\/h1>\t\t\t\t<\/div>\n\t\t\t\t<\/div>\n\t\t\t\t<div class=\"elementor-element elementor-element-f0855bf elementor-widget elementor-widget-text-editor\" data-id=\"f0855bf\" data-element_type=\"widget\" data-widget_type=\"text-editor.default\">\n\t\t\t\t<div class=\"elementor-widget-container\">\n\t\t\t\t\t\t\t\t\t<p><span style=\"font-weight: 400;\">De ni\u00f1a me encantaba jugar a ser maestra. Encontr\u00e9 en el espacio de capacitaciones, talleres y conferencias este lugar donde crear y desarrollar este don y pasi\u00f3n. Me pongo a disposici\u00f3n para dise\u00f1ar y facilitar seg\u00fan las necesidades del cliente, utilizando conceptos de la ontolog\u00eda del lenguaje, la antroposof\u00eda, el liderazgo generativo, el trabajo som\u00e1tico, la gesti\u00f3n de equipos, as\u00ed como otras disciplinas como la comunicaci\u00f3n no violenta, la sociocracia, el storytelling, las met\u00e1foras... Busco promover un ambiente de intercambio, generando espacios interactivos, livianos e interesantes que entreguen posibilidades concretas a los participantes.<\/span><\/p>\t\t\t\t\t\t\t\t<\/div>\n\t\t\t\t<\/div>\n\t\t\t\t<div class=\"elementor-element elementor-element-3655301 elementor-widget elementor-widget-text-editor\" data-id=\"3655301\" data-element_type=\"widget\" data-widget_type=\"text-editor.default\">\n\t\t\t\t<div class=\"elementor-widget-container\">\n\t\t\t\t\t\t\t\t\t<p><span style=\"font-weight: 400;\">Algunos t\u00edtulos:<\/span><\/p><ul><li><span style=\"font-weight: 400;\">Charla sobre Coaching Ontol\u00f3gico<\/span><\/li><li><span style=\"font-weight: 400;\">Las Etapas del Desarrollo Humano<\/span><\/li><li><span style=\"font-weight: 400;\">Visi\u00f3n Integral de las Organizaciones<\/span><\/li><li><span style=\"font-weight: 400;\">Las Fases del Desarrollo Organizacional<\/span><\/li><li><span style=\"font-weight: 400;\">La Resoluci\u00f3n de Conflictos<\/span><\/li><li><span style=\"font-weight: 400;\">Expandiendo mi Poder de Acci\u00f3n<\/span><\/li><\/ul>\t\t\t\t\t\t\t\t<\/div>\n\t\t\t\t<\/div>\n\t\t\t\t<div class=\"elementor-element elementor-element-43151c5 elementor-mobile-align-center elementor-widget elementor-widget-button\" data-id=\"43151c5\" data-element_type=\"widget\" data-widget_type=\"button.default\">\n\t\t\t\t<div class=\"elementor-widget-container\">\n\t\t\t\t\t\t\t\t\t<div class=\"elementor-button-wrapper\">\n\t\t\t\t\t<a class=\"elementor-button elementor-button-link elementor-size-sm\" href=\"https:\/\/api.whatsapp.com\/send\/?phone=5551998329658&#038;text&#038;type=phone_number&#038;app_absent=0\" target=\"_blank\">\n\t\t\t\t\t\t<span class=\"elementor-button-content-wrapper\">\n\t\t\t\t\t\t\t\t\t<span class=\"elementor-button-text\"> \u00bfCONVERSEMOS?<\/span>\n\t\t\t\t\t<\/span>\n\t\t\t\t\t<\/a>\n\t\t\t\t<\/div>\n\t\t\t\t\t\t\t\t<\/div>\n\t\t\t\t<\/div>\n\t\t\t\t\t<\/div>\n\t\t<\/div>\n\t\t\t\t<div class=\"elementor-column elementor-col-50 elementor-top-column elementor-element elementor-element-d8104a3\" data-id=\"d8104a3\" data-element_type=\"column\">\n\t\t\t<div class=\"elementor-widget-wrap elementor-element-populated\">\n\t\t\t\t\t\t<div class=\"elementor-element elementor-element-55b98b5 elementor-widget elementor-widget-image\" data-id=\"55b98b5\" data-element_type=\"widget\" data-settings=\"{&quot;motion_fx_motion_fx_mouse&quot;:&quot;yes&quot;,&quot;motion_fx_tilt_effect&quot;:&quot;yes&quot;,&quot;motion_fx_tilt_speed&quot;:{&quot;unit&quot;:&quot;px&quot;,&quot;size&quot;:4,&quot;sizes&quot;:[]}}\" data-widget_type=\"image.default\">\n\t\t\t\t<div class=\"elementor-widget-container\">\n\t\t\t\t\t\t\t\t\t\t\t\t\t\t\t<img fetchpriority=\"high\" decoding=\"async\" width=\"411\" height=\"663\" src=\"https:\/\/martamagnus.com.br\/wp-content\/uploads\/2022\/12\/Group-103.png\" class=\"attachment-full size-full wp-image-2167\" alt=\"\" srcset=\"https:\/\/martamagnus.com.br\/wp-content\/uploads\/2022\/12\/Group-103.png 411w, https:\/\/martamagnus.com.br\/wp-content\/uploads\/2022\/12\/Group-103-186x300.png 186w\" sizes=\"(max-width: 411px) 100vw, 411px\" \/>\t\t\t\t\t\t\t\t\t\t\t\t\t\t\t<\/div>\n\t\t\t\t<\/div>\n\t\t\t\t\t<\/div>\n\t\t<\/div>\n\t\t\t\t\t<\/div>\n\t\t<\/section>\n\t\t\t\t<\/div>","protected":false},"excerpt":{"rendered":"<p>Coaching Consultor\u00eda Treinamentos Mentor\u00eda &#8220;Mude a sua vida hoje. N\u00e3o deixe para arriscar no futuro, aja agora, sem atrasos.\u201d Simone de Beauvoir Treinamentos Quando crian\u00e7a adorava brincar de ser professora. Encontrei no espa\u00e7o dos treinamentos, workshops e palestras este lugar onde criar e desenvolver este dom e paix\u00e3o. Me coloco \u00e0 disposi\u00e7\u00e3o para desenhar e [&hellip;]<\/p>","protected":false},"author":1,"featured_media":0,"parent":0,"menu_order":0,"comment_status":"closed","ping_status":"closed","template":"elementor_header_footer","meta":{"_joinchat":[],"footnotes":""},"class_list":["post-2162","page","type-page","status-publish","hentry"],"aioseo_notices":[],"_links":{"self":[{"href":"https:\/\/martamagnus.com.br\/esp\/wp-json\/wp\/v2\/pages\/2162","targetHints":{"allow":["GET"]}}],"collection":[{"href":"https:\/\/martamagnus.com.br\/esp\/wp-json\/wp\/v2\/pages"}],"about":[{"href":"https:\/\/martamagnus.com.br\/esp\/wp-json\/wp\/v2\/types\/page"}],"author":[{"embeddable":true,"href":"https:\/\/martamagnus.com.br\/esp\/wp-json\/wp\/v2\/users\/1"}],"replies":[{"embeddable":true,"href":"https:\/\/martamagnus.com.br\/esp\/wp-json\/wp\/v2\/comments?post=2162"}],"version-history":[{"count":3,"href":"https:\/\/martamagnus.com.br\/esp\/wp-json\/wp\/v2\/pages\/2162\/revisions"}],"predecessor-version":[{"id":8205,"href":"https:\/\/martamagnus.com.br\/esp\/wp-json\/wp\/v2\/pages\/2162\/revisions\/8205"}],"wp:attachment":[{"href":"https:\/\/martamagnus.com.br\/esp\/wp-json\/wp\/v2\/media?parent=2162"}],"curies":[{"name":"wp","href":"https:\/\/api.w.org\/{rel}","templated":true}]}}